{"id":2188,"date":"2024-11-18T12:22:37","date_gmt":"2024-11-18T11:22:37","guid":{"rendered":"https:\/\/nausagriboxes.com\/product\/uienkisten\/"},"modified":"2025-01-24T12:00:25","modified_gmt":"2025-01-24T11:00:25","slug":"zwiebelkisten","status":"publish","type":"product","link":"https:\/\/nausagriboxes.com\/de\/produkt\/zwiebelkisten\/","title":{"rendered":"Zwiebelkisten"},"content":{"rendered":"\n<section class=\"hero hero--cta-image\">\n    <div class=\"hero__background\">\n                            <video class=\"hero__image\" autoplay loop muted playsinline>\n                <source src=\"https:\/\/nausagriboxes.com\/wp-content\/uploads\/2024\/11\/WOODWARS_web_HERO_2_DEF.mp4\" type=\"video\/mp4\">\n            <\/video>\n            <\/div>\n            <div class=\"hero__content\">\n            <div class=\"container\">\n                <div class=\"row g-0\">\n                    <div class=\"col-12\">\n                        <div class=\"hero__text\">\n                            <h1 style=\"text-align: center;\"><b>Zwiebelkisten<\/b><\/h1>\n<p style=\"text-align: center;\"><span style=\"font-weight: 400;\">Gro\u00dfkisten f\u00fcr optimalen Schutz von Zwiebeln w\u00e4hrend der Lagerung und des Transports und f\u00fcr eine l\u00e4ngere Haltbarkeit<\/span><\/p>\n                        <\/div>\n                                                \n                    <\/div>\n                <\/div>\n            <\/div>\n        <\/div>\n    <\/section>\n\n\n\n<section class=\"pane pane--white \">\n    <div class=\"container\">\n        <div class=\"row g-4 g-lg-15 g-xl-20 justify-content-center\">\n                                                <div class=\"col-12 col-lg-5\">\n                        <h2><span style=\"font-weight: 400\">Unsere Zwiebelkistenmodelle<\/span><\/h2>\n<p>&nbsp;<\/p>\n                                            <\/div>\n                                    <div class=\"col-12 col-lg-7\">\n                        <p><span style=\"font-weight: 400\">Jedes Modell ist mit spezifischen Merkmalen ausgestattet, die unterschiedlichen Lageranforderungen gerecht werden. Unsere Zwiebelkisten werden aus L\u00e4rchenholz gefertigt, einer der st\u00e4rksten Holzarten. Die L\u00e4rche hat eine hohe Dichte und weist daher weniger Verformung auf als das beliebte Douglasienholz. Es handelt sich um eine beliebte, harzhaltige Holzart, die weniger anf\u00e4llig f\u00fcr Schimmel und F\u00e4ulnis ist. Zudem wird das Holz mit der Nutzung zunehmend h\u00e4rter. Dies tr\u00e4gt zur Qualit\u00e4t und Langlebigkeit unserer Zwiebelkisten bei.<\/span><\/p>\n                                            <\/div>\n                                    <\/div>\n    <\/div>\n\t<\/section>\n\n\n\n<section class=\"pane pane--white position-relative overflow-hidden pane--bg-arrow\">\n    <div class=\"container\">\n\t\t<div class=\"row g-4 g-lg-15 g-xl-20\">\n                                    <div class=\"col-12 col-lg-6\">\n\t\t\t\t\t\t<div class=\"pane__text\">\n\t\t\t\t\t\t\t<h2><span style=\"font-weight: 400;\">Vorteile der Zwiebelkiste <\/span><\/h2>\n<p>Bei Naus Agriboxes streben wir nach h\u00f6chster Qualit\u00e4t und Nachhaltigkeit bei unseren Zwiebelkisten.<\/p>\n\t\t\t\t\t\t\t\t\t\t\t\t\t\t\n\t\t\t\t\t\t<\/div>\n\t\t\t\t\t<\/div>\n                \n                    <div class=\"col-12 col-lg\">\n\t\t\t\t\t\t\t\t\t\t\t\t\t<ol class=\"list list--steps\">\n\t\t\t\t\t\t\t\t\t\t\t\t\t\t\t\t\t<li class=\"list__item list__label\">\n\t\t\t\t\t\t\t\t\t\t\t\t\t\t\t\t\t\t\t\t\t<h2 class=\"step__label text-secondary mb-0\">01<\/h2>\n\t\t\t\t\t\t\t\t\t\t\t\t\t\t\t\t\t\t\t\t<div class=\"list__text\">\n\t\t\t\t\t\t\t\t\t\t\t<h3><span style=\"font-weight: 400;\">Nachhaltigkeit<\/span><\/h3>\n<p><span style=\"font-weight: 400;\">Unsere Kisten werden aus europ\u00e4ischer L\u00e4rche und nordeurop\u00e4ischer Fichte gefertigt, Holzarten, die f\u00fcr ihre Festigkeit und nat\u00fcrliche Widerstandsf\u00e4higkeit gegen Schimmel und F\u00e4ulnis bekannt sind. Dies tr\u00e4gt zur langen Lebensdauer unserer Zwiebelkisten bei.<\/span><\/p>\n\t\t\t\t\t\t\t\t\t\t<\/div>\n\t\t\t\t\t\t\t\t\t<\/li>\n\t\t\t\t\t\t\t\t\t\t\t\t\t\t\t\t\t<li class=\"list__item list__label\">\n\t\t\t\t\t\t\t\t\t\t\t\t\t\t\t\t\t\t\t\t\t<h2 class=\"step__label text-secondary mb-0\">02<\/h2>\n\t\t\t\t\t\t\t\t\t\t\t\t\t\t\t\t\t\t\t\t<div class=\"list__text\">\n\t\t\t\t\t\t\t\t\t\t\t<h3><span style=\"font-weight: 400;\">Zertifiziertes Holz und umweltfreundliche L\u00f6sungen<\/span><\/h3>\n<p><span style=\"font-weight: 400;\">Alle verwendeten Holzarten sind zertifiziert, was unser Engagement f\u00fcr die Umwelt und nachhaltige Forstwirtschaft unterstreicht.<\/span><\/p>\n\t\t\t\t\t\t\t\t\t\t<\/div>\n\t\t\t\t\t\t\t\t\t<\/li>\n\t\t\t\t\t\t\t\t\t\t\t\t\t\t\t\t\t<li class=\"list__item list__label\">\n\t\t\t\t\t\t\t\t\t\t\t\t\t\t\t\t\t\t\t\t\t<h2 class=\"step__label text-secondary mb-0\">03<\/h2>\n\t\t\t\t\t\t\t\t\t\t\t\t\t\t\t\t\t\t\t\t<div class=\"list__text\">\n\t\t\t\t\t\t\t\t\t\t\t<h3><span style=\"font-weight: 400;\">Ma\u00dfgeschneiderte L\u00f6sungen<\/span><\/h3>\n<p><span style=\"font-weight: 400;\">Wir bieten verschiedene Modelle und ma\u00dfgeschneiderte L\u00f6sungen an, um spezifischen Anforderungen und Lagerbed\u00fcrfnissen gerecht zu werden.<\/span><\/p>\n<p><br style=\"font-weight: 400;\" \/><br style=\"font-weight: 400;\" \/><\/p>\n\t\t\t\t\t\t\t\t\t\t<\/div>\n\t\t\t\t\t\t\t\t\t<\/li>\n\t\t\t\t\t\t\t\t\t\t\t\t\t\t\t<\/ol>\n\t\t\t\t\t\t                    <\/div>\n\n            <\/div>\n    <\/div>\n\t<img decoding=\"async\" alt=\"Naus Agriboxes\" class=\"bg-arrow\" src=\"https:\/\/nausagriboxes.com\/wp-content\/themes\/woodwardsgroup-main\/build\/img\/bg-arrow.svg\" width=\"1510\" height=\"3834\" loading=\"lazy\" \/>\n<\/section>\n\n\n\n<section class=\"pane pane--quaternary pane--text-image\">\n            <div class=\"container\">\n            <div class=\"row mb-6 mb-lg-10\">\n                <div class=\"col-12\">\n                                            <h2>Zwiebelkisten aus Holz bester Qualit\u00e4t<\/h2>\n                                    <\/div>\n            <\/div>\n        <\/div>\n        \n    <div class=\"container\">\n        <div class=\"card card--white\">\n            <div class=\"row g-4 g-lg-0 \">\n                                    <div class=\"col-12 col-lg-6\">\n                        <div class=\"card-body\">\n                            <div class=\"pane__text\">\n                                <div class=\"text--subtitle\"><span style=\"color: #a1ae8b;\">Holz, das atmet<\/span><\/div>\n<h3><b>Was sind Zwiebelkisten?<\/b><\/h3>\n<p><span style=\"font-weight: 400;\">Eine Zwiebelkiste ist eine Holzkiste, die zur Lagerung von Zwiebeln verwendet wird Sie ist ein wichtiges Hilfsmittel f\u00fcr Landwirte, die Zwiebeln anbauen, denn sie hilft, die Zwiebeln richtig zu lagern, damit sie so lange wie m\u00f6glich frisch bleiben. Zwiebelkisten werden aus Holz hergestellt, weil es ein nat\u00fcrliches Material ist, das atmet. Das Holz kann Feuchtigkeit und Luft durchlassen.. So bleiben die Zwiebeln gesund, l\u00e4nger frisch und faulen nicht. Zwiebelkisten sind ein wesentlicher Bestandteil der Zwiebellagerung.<\/span><\/p>\n                                                                \n                            <\/div>\n                        <\/div>\n                    <\/div>\n                                                    <div class=\"col-12 col-lg\">\n                        <figure class=\"figure \">\n                            <img decoding=\"async\" width=\"1900\" height=\"1267\" src=\"https:\/\/nausagriboxes.com\/wp-content\/uploads\/2024\/11\/Naus-Agriboxes-Espel_35-1900x1267.webp\" class=\"card__image\" alt=\"\" loading=\"lazy\" srcset=\"https:\/\/nausagriboxes.com\/wp-content\/uploads\/2024\/11\/Naus-Agriboxes-Espel_35-1900x1267.webp 1900w, https:\/\/nausagriboxes.com\/wp-content\/uploads\/2024\/11\/Naus-Agriboxes-Espel_35-1080x720.webp 1080w, https:\/\/nausagriboxes.com\/wp-content\/uploads\/2024\/11\/Naus-Agriboxes-Espel_35-640x427.webp 640w, https:\/\/nausagriboxes.com\/wp-content\/uploads\/2024\/11\/Naus-Agriboxes-Espel_35-768x512.webp 768w, https:\/\/nausagriboxes.com\/wp-content\/uploads\/2024\/11\/Naus-Agriboxes-Espel_35-1536x1024.webp 1536w, https:\/\/nausagriboxes.com\/wp-content\/uploads\/2024\/11\/Naus-Agriboxes-Espel_35-2048x1365.webp 2048w, https:\/\/nausagriboxes.com\/wp-content\/uploads\/2024\/11\/Naus-Agriboxes-Espel_35-600x400.webp 600w\" sizes=\"auto, (max-width: 1900px) 100vw, 1900px\" \/>                        <\/figure>\n                    <\/div>\n                            <\/div>\n        <\/div>\n    <\/div>\n<\/section>\n\n\n\n<section class=\"pane pane--quaternary pane--text-image\">\n        \n    <div class=\"container\">\n        <div class=\"card card--white\">\n            <div class=\"row g-4 g-lg-0 flex-lg-row-reverse\">\n                                    <div class=\"col-12 col-lg-6\">\n                        <div class=\"card-body\">\n                            <div class=\"pane__text\">\n                                <div class=\"text--subtitle\"><span style=\"color: #a1ae8b;\">Teilweise automatisiert<\/span><\/div>\n<h3><b>Nachhaltigkeit in Zwiebelkisten<\/b><\/h3>\n<p><span style=\"font-weight: 400;\">Unsere Zwiebelkisten werden aus L\u00e4rchenholz und nordeurop\u00e4ischer Fichte hergestellt, Holzarten, die f\u00fcr ihre St\u00e4rke und nat\u00fcrliche Resistenz gegen Schimmel und F\u00e4ulnis bekannt sind. Dies gew\u00e4hrleistet eine lange Lebensdauer und nachhaltige L\u00f6sungen.<\/span><\/p>\n                                                                \n                            <\/div>\n                        <\/div>\n                    <\/div>\n                                                    <div class=\"col-12 col-lg\">\n                        <figure class=\"figure image_reversed\">\n                            <img decoding=\"async\" width=\"1900\" height=\"1267\" src=\"https:\/\/nausagriboxes.com\/wp-content\/uploads\/2024\/11\/Naus-Agriboxes-Espel_39-1900x1267.webp\" class=\"card__image\" alt=\"\" loading=\"lazy\" srcset=\"https:\/\/nausagriboxes.com\/wp-content\/uploads\/2024\/11\/Naus-Agriboxes-Espel_39-1900x1267.webp 1900w, https:\/\/nausagriboxes.com\/wp-content\/uploads\/2024\/11\/Naus-Agriboxes-Espel_39-1080x720.webp 1080w, https:\/\/nausagriboxes.com\/wp-content\/uploads\/2024\/11\/Naus-Agriboxes-Espel_39-640x427.webp 640w, https:\/\/nausagriboxes.com\/wp-content\/uploads\/2024\/11\/Naus-Agriboxes-Espel_39-768x512.webp 768w, https:\/\/nausagriboxes.com\/wp-content\/uploads\/2024\/11\/Naus-Agriboxes-Espel_39-1536x1024.webp 1536w, https:\/\/nausagriboxes.com\/wp-content\/uploads\/2024\/11\/Naus-Agriboxes-Espel_39-2048x1365.webp 2048w, https:\/\/nausagriboxes.com\/wp-content\/uploads\/2024\/11\/Naus-Agriboxes-Espel_39-600x400.webp 600w\" sizes=\"auto, (max-width: 1900px) 100vw, 1900px\" \/>                        <\/figure>\n                    <\/div>\n                            <\/div>\n        <\/div>\n    <\/div>\n<\/section>\n\n\n\n<section class=\"pane pane--white pane--text-image\">\n            <div class=\"container\">\n            <div class=\"row mb-6 mb-lg-10\">\n                <div class=\"col-12\">\n                                    <\/div>\n            <\/div>\n        <\/div>\n        \n    <div class=\"container\">\n        <div class=\"card card--quaternary\">\n            <div class=\"row g-4 g-lg-0 \">\n                                    <div class=\"col-12 col-lg-6\">\n                        <div class=\"card-body\">\n                            <div class=\"pane__text\">\n                                <div class=\"text--subtitle\"><span style=\"color: #a1ae8b;\">Lagerung und Transport<\/span><\/div>\n<h3><b> Zwiebelkiste f\u00fcr optimale Lagerung und Transport<\/b><\/h3>\n<p style=\"font-weight: 400;\">Unsere Zwiebelkisten werden aus L\u00e4rchenholz hergestellt, eine der st\u00e4rksten Holzarten. L\u00e4rchenholz hat eine hohe Dichte und verzieht sich daher weniger als das beliebte Douglasienholz. Es ist eine beliebte, harzhaltige Holzart, die weniger anf\u00e4llig f\u00fcr Schimmel und F\u00e4ulnis ist. Au\u00dferdem wird das Holz im Gebrauch zunehmend h\u00e4rter. Dies kommt der Qualit\u00e4t und Lebensdauer unserer Zwiebelkisten zugute.<\/p>\n                                                                \n                            <\/div>\n                        <\/div>\n                    <\/div>\n                                                    <div class=\"col-12 col-lg\">\n                        <figure class=\"figure \">\n                            <img decoding=\"async\" width=\"1900\" height=\"1267\" src=\"https:\/\/nausagriboxes.com\/wp-content\/uploads\/2024\/11\/Naus-Agriboxes-Espel_48-kopie-1900x1267.webp\" class=\"card__image\" alt=\"\" loading=\"lazy\" srcset=\"https:\/\/nausagriboxes.com\/wp-content\/uploads\/2024\/11\/Naus-Agriboxes-Espel_48-kopie-1900x1267.webp 1900w, https:\/\/nausagriboxes.com\/wp-content\/uploads\/2024\/11\/Naus-Agriboxes-Espel_48-kopie-1080x720.webp 1080w, https:\/\/nausagriboxes.com\/wp-content\/uploads\/2024\/11\/Naus-Agriboxes-Espel_48-kopie-640x427.webp 640w, https:\/\/nausagriboxes.com\/wp-content\/uploads\/2024\/11\/Naus-Agriboxes-Espel_48-kopie-768x512.webp 768w, https:\/\/nausagriboxes.com\/wp-content\/uploads\/2024\/11\/Naus-Agriboxes-Espel_48-kopie-1536x1024.webp 1536w, https:\/\/nausagriboxes.com\/wp-content\/uploads\/2024\/11\/Naus-Agriboxes-Espel_48-kopie-2048x1365.webp 2048w, https:\/\/nausagriboxes.com\/wp-content\/uploads\/2024\/11\/Naus-Agriboxes-Espel_48-kopie-600x400.webp 600w\" sizes=\"auto, (max-width: 1900px) 100vw, 1900px\" \/>                        <\/figure>\n                    <\/div>\n                            <\/div>\n        <\/div>\n    <\/div>\n<\/section>\n\n\n\n<section class=\"pane pane--secondary pane--text-image\">\n            <div class=\"container\">\n            <div class=\"row mb-6 mb-lg-10\">\n                <div class=\"col-12\">\n                                            <h2><span style=\"font-weight: 400;\">Warum sollten Sie sich f\u00fcr Naus Agriboxes entscheiden?<\/span><\/h2>\n                                    <\/div>\n            <\/div>\n        <\/div>\n        \n    <div class=\"container\">\n        <div class=\"card card--white\">\n            <div class=\"row g-4 g-lg-0 flex-lg-row-reverse\">\n                                    <div class=\"col-12 col-lg-6\">\n                        <div class=\"card-body\">\n                            <div class=\"pane__text\">\n                                <div class=\"text--subtitle\"><span style=\"color: #a1ae8b;\">Zuverl\u00e4ssiger Partner<\/span><\/div>\n<h3><b> \u00dcber 40 Jahre Erfahrung mit Zwiebelkisten<\/b><\/h3>\n<p style=\"font-weight: 400;\">Bei Naus Agriboxes finden Sie alle Arten von Zwiebelkisten, die ganz auf Ihre Bed\u00fcrfnisse zugeschnitten sind. Unsere Zwiebelkisten sind in vielen Abmessungen erh\u00e4ltlich. Mit mehr als 40 Jahren Erfahrung in der Herstellung von Zwiebelkisten sind wir ein sehr zuverl\u00e4ssiger Partner f\u00fcr Kunden in den Niederlanden und im Rest der Welt. Unsere Zwiebelkisten sind seit Jahren f\u00fcr ihre Qualit\u00e4t, ihre wettbewerbsf\u00e4higen Preise und ihren hervorragenden Service bekannt!<\/p>\n                                                                \n                            <\/div>\n                        <\/div>\n                    <\/div>\n                                                    <div class=\"col-12 col-lg\">\n                        <figure class=\"figure image_reversed\">\n                            <img decoding=\"async\" width=\"1444\" height=\"948\" src=\"https:\/\/nausagriboxes.com\/wp-content\/uploads\/2024\/10\/pand-naus-agriboxes.webp\" class=\"card__image\" alt=\"\" loading=\"lazy\" srcset=\"https:\/\/nausagriboxes.com\/wp-content\/uploads\/2024\/10\/pand-naus-agriboxes.webp 1444w, https:\/\/nausagriboxes.com\/wp-content\/uploads\/2024\/10\/pand-naus-agriboxes-600x394.webp 600w, https:\/\/nausagriboxes.com\/wp-content\/uploads\/2024\/10\/pand-naus-agriboxes-1080x709.webp 1080w, https:\/\/nausagriboxes.com\/wp-content\/uploads\/2024\/10\/pand-naus-agriboxes-640x420.webp 640w, https:\/\/nausagriboxes.com\/wp-content\/uploads\/2024\/10\/pand-naus-agriboxes-768x504.webp 768w\" sizes=\"auto, (max-width: 1444px) 100vw, 1444px\" \/>                        <\/figure>\n                    <\/div>\n                            <\/div>\n        <\/div>\n    <\/div>\n<\/section>\n\n\n\n<section class=\"hero hero--cta-image\">\n    <div class=\"hero__background\">\n                                            <img fetchpriority=\"high\" decoding=\"async\" width=\"2560\" height=\"1707\" src=\"https:\/\/nausagriboxes.com\/wp-content\/uploads\/2024\/11\/mountains-forest-illuminated-by-sunset-light-2023-11-27-04-58-22-utc-scaled.jpeg\" class=\"hero__image\" alt=\"\" loading=\"eager\" srcset=\"https:\/\/nausagriboxes.com\/wp-content\/uploads\/2024\/11\/mountains-forest-illuminated-by-sunset-light-2023-11-27-04-58-22-utc-scaled.jpeg 2560w, https:\/\/nausagriboxes.com\/wp-content\/uploads\/2024\/11\/mountains-forest-illuminated-by-sunset-light-2023-11-27-04-58-22-utc-1080x720.jpeg 1080w, https:\/\/nausagriboxes.com\/wp-content\/uploads\/2024\/11\/mountains-forest-illuminated-by-sunset-light-2023-11-27-04-58-22-utc-1900x1267.jpeg 1900w, https:\/\/nausagriboxes.com\/wp-content\/uploads\/2024\/11\/mountains-forest-illuminated-by-sunset-light-2023-11-27-04-58-22-utc-640x427.jpeg 640w, https:\/\/nausagriboxes.com\/wp-content\/uploads\/2024\/11\/mountains-forest-illuminated-by-sunset-light-2023-11-27-04-58-22-utc-768x512.jpeg 768w, https:\/\/nausagriboxes.com\/wp-content\/uploads\/2024\/11\/mountains-forest-illuminated-by-sunset-light-2023-11-27-04-58-22-utc-1536x1024.jpeg 1536w, https:\/\/nausagriboxes.com\/wp-content\/uploads\/2024\/11\/mountains-forest-illuminated-by-sunset-light-2023-11-27-04-58-22-utc-2048x1365.jpeg 2048w, https:\/\/nausagriboxes.com\/wp-content\/uploads\/2024\/11\/mountains-forest-illuminated-by-sunset-light-2023-11-27-04-58-22-utc-600x400.jpeg 600w\" sizes=\"(max-width: 2560px) 100vw, 2560px\" \/>                        <\/div>\n            <div class=\"hero__content\">\n            <div class=\"container\">\n                <div class=\"row g-0\">\n                    <div class=\"col-12\">\n                        <div class=\"hero__text\">\n                            <h2 style=\"text-align: center;\"><span style=\"font-weight: 400;\">Noch Fragen?<\/span><\/h2>\n<p style=\"text-align: center;\">Haben Sie eine Frage zu unseren Holzgro\u00dfkisten oder m\u00f6chten Sie mehr \u00fcber eine m\u00f6gliche Zusammenarbeit erfahren?<\/p>\n                        <\/div>\n                                                \n\n    <div class=\"pane__button-group\">\n        <div class=\"row g-2 g-lg-3 justify-content-center\">\n                            <div class=\"col-auto\">\n                                                                                            <a class=\"btn btn-secondary\" href=\"https:\/\/nausagriboxes.com\/de\/kontakt\/\" target=\"_self\">\n                                <span class=\"btn__text\">Nehmen Sie Kontakt mit uns auf<\/span>\n                                <svg class=\"icon icon--24 icon--arrow\">\n                                    <use xlink:href=\"https:\/\/nausagriboxes.com\/wp-content\/themes\/woodwardsgroup-main\/build\/img\/symbols.svg#arrow-right\"><\/use>\n                                <\/svg>\n                            <\/a>\n                                                            <\/div>\n                    <\/div>\n    <\/div>\n\n\n                    <\/div>\n                <\/div>\n            <\/div>\n        <\/div>\n    <\/section>\n","protected":false},"excerpt":{"rendered":"","protected":false},"featured_media":2167,"template":"","meta":{"_acf_changed":true,"content-type":""},"product_brand":[],"product_cat":[54],"product_tag":[],"class_list":{"0":"post-2188","1":"product","2":"type-product","3":"status-publish","4":"has-post-thumbnail","6":"product_cat-geen-onderdeel-van-een-categorie","8":"first","9":"instock","10":"shipping-taxable","11":"purchasable","12":"product-type-variable"},"acf":[],"_links":{"self":[{"href":"https:\/\/nausagriboxes.com\/de\/wp-json\/wp\/v2\/product\/2188","targetHints":{"allow":["GET"]}}],"collection":[{"href":"https:\/\/nausagriboxes.com\/de\/wp-json\/wp\/v2\/product"}],"about":[{"href":"https:\/\/nausagriboxes.com\/de\/wp-json\/wp\/v2\/types\/product"}],"wp:featuredmedia":[{"embeddable":true,"href":"https:\/\/nausagriboxes.com\/de\/wp-json\/wp\/v2\/media\/2167"}],"wp:attachment":[{"href":"https:\/\/nausagriboxes.com\/de\/wp-json\/wp\/v2\/media?parent=2188"}],"wp:term":[{"taxonomy":"product_brand","embeddable":true,"href":"https:\/\/nausagriboxes.com\/de\/wp-json\/wp\/v2\/product_brand?post=2188"},{"taxonomy":"product_cat","embeddable":true,"href":"https:\/\/nausagriboxes.com\/de\/wp-json\/wp\/v2\/product_cat?post=2188"},{"taxonomy":"product_tag","embeddable":true,"href":"https:\/\/nausagriboxes.com\/de\/wp-json\/wp\/v2\/product_tag?post=2188"}],"curies":[{"name":"wp","href":"https:\/\/api.w.org\/{rel}","templated":true}]}}